{"id":12,"date":"2023-11-15T13:23:46","date_gmt":"2023-11-15T13:23:46","guid":{"rendered":"https:\/\/ktp-morgenroth.de\/?page_id=12"},"modified":"2023-12-10T12:56:34","modified_gmt":"2023-12-10T12:56:34","slug":"ueber-mich-2","status":"publish","type":"page","link":"https:\/\/ktp-morgenroth.de\/?page_id=12","title":{"rendered":"\u00dcber Mich"},"content":{"rendered":"\n<ul id=\"ZCHXXiphpSOGZ8jp\">\n<li>geboren in Berlin, Jahrgang 1985<\/li>\n\n\n\n<li>wohnhaft im Landkreis Rhinow seit 2006<\/li>\n\n\n\n<li>Mutter von 4 T\u00f6chtern<\/li>\n\n\n\n<li>staatlich anerkannte Erzieherin seit 2006<\/li>\n\n\n\n<li>Ausbildung zur Physiotherapeutin&nbsp;&nbsp;&nbsp;&nbsp;<\/li>\n\n\n\n<li>T\u00e4tigkeit als Erzieherin, Praxisanleiterin, sowie als Kita-Leitung<\/li>\n\n\n\n<li>seit November 2021 selbstst\u00e4ndig, mit eigener, \u00f6ffentlich gef\u00f6rderter Kindertagespflege<\/li>\n\n\n\n<li>Qualifizierungskurs Kindertagespflege f\u00fcr p\u00e4dagogische Fachkr\u00e4fte<\/li>\n\n\n\n<li>Weiterbildung &#8222;Leitungskompetenz in Kindertageseinrichtungen&#8220;<\/li>\n\n\n\n<li>Teilnahme an vielen interessanten Fortbildungen und Erste-Hilfe-Kursen mit dem Schwerpunkt S\u00e4uglinge und Kleinkinder<\/li>\n<\/ul>\n\n\n<div class=\"wp-block-image\">\n<figure class=\"aligncenter size-large is-resized\"><img loading=\"lazy\" decoding=\"async\" width=\"782\" height=\"1024\" src=\"https:\/\/ktp-morgenroth.de\/wp-content\/uploads\/2023\/11\/IMG_4815-782x1024.jpg\" alt=\"\" class=\"wp-image-72\" style=\"width:266px;height:auto\" srcset=\"https:\/\/ktp-morgenroth.de\/wp-content\/uploads\/2023\/11\/IMG_4815-782x1024.jpg 782w, https:\/\/ktp-morgenroth.de\/wp-content\/uploads\/2023\/11\/IMG_4815-229x300.jpg 229w, https:\/\/ktp-morgenroth.de\/wp-content\/uploads\/2023\/11\/IMG_4815-768x1006.jpg 768w, https:\/\/ktp-morgenroth.de\/wp-content\/uploads\/2023\/11\/IMG_4815-1173x1536.jpg 1173w, https:\/\/ktp-morgenroth.de\/wp-content\/uploads\/2023\/11\/IMG_4815-1564x2048.jpg 1564w, https:\/\/ktp-morgenroth.de\/wp-content\/uploads\/2023\/11\/IMG_4815-816x1068.jpg 816w, https:\/\/ktp-morgenroth.de\/wp-content\/uploads\/2023\/11\/IMG_4815-scaled.jpg 1955w\" sizes=\"(max-width: 782px) 100vw, 782px\" \/><\/figure><\/div>","protected":false},"excerpt":{"rendered":"","protected":false},"author":1,"featured_media":0,"parent":0,"menu_order":0,"comment_status":"closed","ping_status":"closed","template":"","meta":{"footnotes":""},"_links":{"self":[{"href":"https:\/\/ktp-morgenroth.de\/index.php?rest_route=\/wp\/v2\/pages\/12"}],"collection":[{"href":"https:\/\/ktp-morgenroth.de\/index.php?rest_route=\/wp\/v2\/pages"}],"about":[{"href":"https:\/\/ktp-morgenroth.de\/index.php?rest_route=\/wp\/v2\/types\/page"}],"author":[{"embeddable":true,"href":"https:\/\/ktp-morgenroth.de\/index.php?rest_route=\/wp\/v2\/users\/1"}],"replies":[{"embeddable":true,"href":"https:\/\/ktp-morgenroth.de\/index.php?rest_route=%2Fwp%2Fv2%2Fcomments&post=12"}],"version-history":[{"count":7,"href":"https:\/\/ktp-morgenroth.de\/index.php?rest_route=\/wp\/v2\/pages\/12\/revisions"}],"predecessor-version":[{"id":91,"href":"https:\/\/ktp-morgenroth.de\/index.php?rest_route=\/wp\/v2\/pages\/12\/revisions\/91"}],"wp:attachment":[{"href":"https:\/\/ktp-morgenroth.de\/index.php?rest_route=%2Fwp%2Fv2%2Fmedia&parent=12"}],"curies":[{"name":"wp","href":"https:\/\/api.w.org\/{rel}","templated":true}]}}