{"id":20,"date":"2023-11-15T13:48:06","date_gmt":"2023-11-15T13:48:06","guid":{"rendered":"https:\/\/ktp-morgenroth.de\/?page_id=20"},"modified":"2024-05-24T05:22:26","modified_gmt":"2024-05-24T05:22:26","slug":"raeumlichkeiten","status":"publish","type":"page","link":"https:\/\/ktp-morgenroth.de\/?page_id=20","title":{"rendered":"R\u00e4umlichkeiten"},"content":{"rendered":"\n<p>Die Kindertagespflege befindet sich in einem ausgebauten Nebengelass auf dem Grundst\u00fcck der Tagesmutter. Sie ist ca. 130 qm gro\u00df und verl\u00e4uft \u00fcber 2 Etagen. Au\u00dferdem verf\u00fcgt sie \u00fcber einen gro\u00dfen Au\u00dfenspielbereich \/ Garten.<\/p>\n\n\n\n<p>Die R\u00e4ume sind wie folgt aufgeteilt:<\/p>\n\n\n\n<p><strong>Eingangsbereich<\/strong><\/p>\n\n\n<div class=\"wp-block-image\">\n<figure class=\"aligncenter size-full\"><img loading=\"lazy\" decoding=\"async\" width=\"480\" height=\"640\" src=\"https:\/\/ktp-morgenroth.de\/wp-content\/uploads\/2023\/12\/k-IMG-20231210-WA0010.jpg\" alt=\"\" class=\"wp-image-95\" srcset=\"https:\/\/ktp-morgenroth.de\/wp-content\/uploads\/2023\/12\/k-IMG-20231210-WA0010.jpg 480w, https:\/\/ktp-morgenroth.de\/wp-content\/uploads\/2023\/12\/k-IMG-20231210-WA0010-225x300.jpg 225w\" sizes=\"(max-width: 480px) 100vw, 480px\" \/><\/figure><\/div>\n\n\n<p>Im Eingangsbereich hat jedes Kind eine eigene Garderobe mit Sitzm\u00f6glichkeit und Haken f\u00fcr Kleidung sowie F\u00e4cher f\u00fcr Schuhe, M\u00fctze, Schal und Handschuhe. Damit die Kinder ihren Platz schnell erkennen, sind die Garderoben mit ihren Fotos und Namen gekennzeichnet.&nbsp;Des Weiteren befindet sich dort das \u201eschwarze Brett\u201c mit allen wichtigen Informationen f\u00fcr die Eltern.<\/p>\n\n\n\n<p><strong>Gruppenraum <em>I <\/em>im Erdgeschoss<\/strong><\/p>\n\n\n<div class=\"wp-block-image\">\n<figure class=\"aligncenter size-full\"><img loading=\"lazy\" decoding=\"async\" width=\"640\" height=\"480\" src=\"https:\/\/ktp-morgenroth.de\/wp-content\/uploads\/2023\/12\/k-IMG-20231210-WA0001.jpg\" alt=\"\" class=\"wp-image-97\" srcset=\"https:\/\/ktp-morgenroth.de\/wp-content\/uploads\/2023\/12\/k-IMG-20231210-WA0001.jpg 640w, https:\/\/ktp-morgenroth.de\/wp-content\/uploads\/2023\/12\/k-IMG-20231210-WA0001-300x225.jpg 300w\" sizes=\"(max-width: 640px) 100vw, 640px\" \/><\/figure><\/div>\n\n\n<p>In diesem hellen, gem\u00fctlich eingerichteten Raum gibt es eine kleine Hochebene, unter der sich eine Spielk\u00fcche und ein Spielhaus befinden. In den offenen Regalen laden zahlreiche Kleidungsst\u00fccke und andere Utensilien zum Verkleiden f\u00fcr Rollenspiele ein. Ein gro\u00dfer Wandspiegel unterst\u00fctzt dieses Vorhaben.<\/p>\n\n\n\n<figure class=\"wp-block-image size-large\"><img loading=\"lazy\" decoding=\"async\" width=\"1024\" height=\"604\" src=\"https:\/\/ktp-morgenroth.de\/wp-content\/uploads\/2024\/05\/1000021174-1024x604.jpg\" alt=\"\" class=\"wp-image-113\" srcset=\"https:\/\/ktp-morgenroth.de\/wp-content\/uploads\/2024\/05\/1000021174-1024x604.jpg 1024w, https:\/\/ktp-morgenroth.de\/wp-content\/uploads\/2024\/05\/1000021174-300x177.jpg 300w, https:\/\/ktp-morgenroth.de\/wp-content\/uploads\/2024\/05\/1000021174-768x453.jpg 768w, https:\/\/ktp-morgenroth.de\/wp-content\/uploads\/2024\/05\/1000021174-816x481.jpg 816w, https:\/\/ktp-morgenroth.de\/wp-content\/uploads\/2024\/05\/1000021174.jpg 1526w\" sizes=\"(max-width: 1024px) 100vw, 1024px\" \/><\/figure>\n\n\n\n<p><strong>Gruppenraum <em>II <\/em>im Erdgeschoss<\/strong><\/p>\n\n\n\n<figure class=\"wp-block-image size-large\"><img loading=\"lazy\" decoding=\"async\" width=\"1024\" height=\"623\" src=\"https:\/\/ktp-morgenroth.de\/wp-content\/uploads\/2024\/05\/1000021114-1024x623.jpg\" alt=\"\" class=\"wp-image-114\" srcset=\"https:\/\/ktp-morgenroth.de\/wp-content\/uploads\/2024\/05\/1000021114-1024x623.jpg 1024w, https:\/\/ktp-morgenroth.de\/wp-content\/uploads\/2024\/05\/1000021114-300x182.jpg 300w, https:\/\/ktp-morgenroth.de\/wp-content\/uploads\/2024\/05\/1000021114-768x467.jpg 768w, https:\/\/ktp-morgenroth.de\/wp-content\/uploads\/2024\/05\/1000021114-816x496.jpg 816w, https:\/\/ktp-morgenroth.de\/wp-content\/uploads\/2024\/05\/1000021114.jpg 1432w\" sizes=\"(max-width: 1024px) 100vw, 1024px\" \/><\/figure>\n\n\n\n<p>In diesem gro\u00dfz\u00fcgig gestalteten Raum bilden eine Lernwerkstatt und eine Bauecke den Schwerpunkt. Zahlreiche Materialien laden die Kinder zum Experimentieren und kreativen Spielen ein.<\/p>\n\n\n\n<figure class=\"wp-block-image size-large\"><img loading=\"lazy\" decoding=\"async\" width=\"1024\" height=\"602\" src=\"https:\/\/ktp-morgenroth.de\/wp-content\/uploads\/2024\/05\/1000021162-1024x602.jpg\" alt=\"\" class=\"wp-image-115\" srcset=\"https:\/\/ktp-morgenroth.de\/wp-content\/uploads\/2024\/05\/1000021162-1024x602.jpg 1024w, https:\/\/ktp-morgenroth.de\/wp-content\/uploads\/2024\/05\/1000021162-300x176.jpg 300w, https:\/\/ktp-morgenroth.de\/wp-content\/uploads\/2024\/05\/1000021162-768x451.jpg 768w, https:\/\/ktp-morgenroth.de\/wp-content\/uploads\/2024\/05\/1000021162-816x479.jpg 816w, https:\/\/ktp-morgenroth.de\/wp-content\/uploads\/2024\/05\/1000021162.jpg 1440w\" sizes=\"(max-width: 1024px) 100vw, 1024px\" \/><\/figure>\n\n\n\n<p><strong>K\u00fcche<\/strong><\/p>\n\n\n\n<p>Ebenfalls im Erdgeschoss befindet sich die K\u00fcche, in der die Mahlzeiten frisch zubereitet werden. Hier nehmen die Kinder auch ihre Mahlzeiten ein. <\/p>\n\n\n\n<p><strong>Badezimmer<\/strong><\/p>\n\n\n\n<p>Sowohl im Erdgeschoss als auch im Obergeschoss befindet sich ein Badezimmer, welche zweckm\u00e4\u00dfig und entsprechend den Hygienevorschriften eingerichtet sind. Dort befinden sich auch die Wechselsachen der Kinder.<\/p>\n\n\n\n<p><strong>Schlafraum<\/strong><\/p>\n\n\n<div class=\"wp-block-image\">\n<figure class=\"aligncenter size-full\"><img loading=\"lazy\" decoding=\"async\" width=\"640\" height=\"480\" src=\"https:\/\/ktp-morgenroth.de\/wp-content\/uploads\/2023\/12\/k-IMG-20231210-WA0006.jpg\" alt=\"\" class=\"wp-image-99\" srcset=\"https:\/\/ktp-morgenroth.de\/wp-content\/uploads\/2023\/12\/k-IMG-20231210-WA0006.jpg 640w, https:\/\/ktp-morgenroth.de\/wp-content\/uploads\/2023\/12\/k-IMG-20231210-WA0006-300x225.jpg 300w\" sizes=\"(max-width: 640px) 100vw, 640px\" \/><\/figure><\/div>\n\n\n<p>Im Obergeschoss befindet sich ein gem\u00fctliches Schlafzimmer. Dort sind f\u00fcr die kleinen Kinder 2 Gitterbetten und f\u00fcr die gr\u00f6\u00dferen mehrere Weichschaumbetten mit Teilumrandung vorhanden. Hier legen sich die Kinder zum Mittagschlaf hin.<\/p>\n\n\n\n<p><strong>Gruppenraum im Obergeschoss<\/strong><\/p>\n\n\n\n<p>Auch im Obergeschoss befindet sich ein kleiner Gruppenraum, in dem sich die Kinder zum Beispiel nach dem Mittagsschlaf aufhalten k\u00f6nnen. Hier kann gekuschelt und gespielt werden.<\/p>\n\n\n\n<p><strong>Au\u00dfenbereich<\/strong><\/p>\n\n\n\n<style id=\"bwg-style-0\">    #bwg_container1_0 #bwg_container2_0 .bwg-container-0.bwg-standard-thumbnails {      width: 1254px;              justify-content: center;        margin:0 auto !important;              background-color: rgba(255, 255, 255, 0.00);            padding-left: 4px;      padding-top: 4px;      max-width: 100%;            }        #bwg_container1_0 #bwg_container2_0 .bwg-container-0.bwg-standard-thumbnails .bwg-item {    justify-content: flex-start;      max-width: 250px;          }    #bwg_container1_0 #bwg_container2_0 .bwg-container-0.bwg-standard-thumbnails .bwg-item a {       margin-right: 4px;       margin-bottom: 4px;    }    #bwg_container1_0 #bwg_container2_0 .bwg-container-0.bwg-standard-thumbnails .bwg-item0 {      padding: 0px;            background-color:rgba(0,0,0, 0.30);      border: 0px none #CCCCCC;      opacity: 1.00;      border-radius: 0;      box-shadow: ;    }    #bwg_container1_0 #bwg_container2_0 .bwg-container-0.bwg-standard-thumbnails .bwg-item1 img {      max-height: none;      max-width: none;      padding: 0 !important;    }         @media only screen and (min-width: 480px) {\t\t#bwg_container1_0 #bwg_container2_0 .bwg-container-0.bwg-standard-thumbnails .bwg-item1 img {\t\t\t-webkit-transition: all .3s; transition: all .3s;\t\t}\t\t#bwg_container1_0 #bwg_container2_0 .bwg-container-0.bwg-standard-thumbnails .bwg-item1 img:hover {\t\t\t-ms-transform: scale(1.08);\t\t\t-webkit-transform: scale(1.08);\t\t\ttransform: scale(1.08);\t\t}\t\t\t\t.bwg-standard-thumbnails .bwg-zoom-effect .bwg-zoom-effect-overlay {\t\t\t\t\t\tbackground-color:rgba(0,0,0, 0.3);\t\t}\t\t.bwg-standard-thumbnails .bwg-zoom-effect:hover img {\t\t\t-ms-transform: scale(1.08);\t\t\t-webkit-transform: scale(1.08);\t\t\ttransform: scale(1.08);\t\t}\t\t      }\t    #bwg_container1_0 #bwg_container2_0 .bwg-container-0.bwg-standard-thumbnails .bwg-item1 {      padding-top: 56%;    }        #bwg_container1_0 #bwg_container2_0 .bwg-container-0.bwg-standard-thumbnails .bwg-title1 {      position: absolute;      top: 0;      z-index: 100;      width: 100%;      height: 100%;      display: flex;      justify-content: center;      align-content: center;      flex-direction: column;      opacity: 0;    }\t      #bwg_container1_0 #bwg_container2_0 .bwg-container-0.bwg-standard-thumbnails .bwg-title2,    #bwg_container1_0 #bwg_container2_0 .bwg-container-0.bwg-standard-thumbnails .bwg-ecommerce2 {      color: #FFFFFF;      font-family: Ubuntu;      font-size: 16px;      font-weight: bold;      padding: 2px;      text-shadow: ;      max-height: 100%;    }    #bwg_container1_0 #bwg_container2_0 .bwg-container-0.bwg-standard-thumbnails .bwg-thumb-description span {    color: #323A45;    font-family: Ubuntu;    font-size: 12px;    max-height: 100%;    word-wrap: break-word;    }    #bwg_container1_0 #bwg_container2_0 .bwg-container-0.bwg-standard-thumbnails .bwg-play-icon2 {      font-size: 32px;    }    #bwg_container1_0 #bwg_container2_0 .bwg-container-0.bwg-standard-thumbnails .bwg-ecommerce2 {      font-size: 19.2px;      color: #323A45;    }    <\/style>    <div id=\"bwg_container1_0\"         class=\"bwg_container bwg_thumbnail bwg_thumbnails \"         data-right-click-protection=\"0\"         data-bwg=\"0\"         data-scroll=\"0\"         data-gallery-type=\"thumbnails\"         data-gallery-view-type=\"thumbnails\"         data-current-url=\"\/index.php?rest_route=%2Fwp%2Fv2%2Fpages%2F20\"         data-lightbox-url=\"https:\/\/ktp-morgenroth.de\/wp-admin\/admin-ajax.php?action=GalleryBox&#038;current_view=0&#038;gallery_id=1&#038;tag=0&#038;theme_id=1&#038;shortcode_id=4&#038;sort_by=order&#038;order_by=asc&#038;current_url=%2Findex.php%3Frest_route%3D%252Fwp%252Fv2%252Fpages%252F20\"         data-gallery-id=\"1\"         data-popup-width=\"800\"         data-popup-height=\"500\"         data-is-album=\"gallery\"         data-buttons-position=\"bottom\">      <div id=\"bwg_container2_0\">             <div id=\"ajax_loading_0\" class=\"bwg_loading_div_1\">      <div class=\"bwg_loading_div_2\">        <div class=\"bwg_loading_div_3\">          <div id=\"loading_div_0\" class=\"bwg_spider_ajax_loading\">          <\/div>        <\/div>      <\/div>    <\/div>            <form id=\"gal_front_form_0\"              class=\"bwg-hidden\"              method=\"post\"              action=\"#\"              data-current=\"0\"              data-shortcode-id=\"4\"              data-gallery-type=\"thumbnails\"              data-gallery-id=\"1\"              data-tag=\"0\"              data-album-id=\"0\"              data-theme-id=\"1\"              data-ajax-url=\"https:\/\/ktp-morgenroth.de\/wp-admin\/admin-ajax.php?action=bwg_frontend_data\">          <div id=\"bwg_container3_0\" class=\"bwg-background bwg-background-0\">                <div data-max-count=\"5\"         data-thumbnail-width=\"250\"         data-bwg=\"0\"         data-gallery-id=\"1\"         data-lightbox-url=\"https:\/\/ktp-morgenroth.de\/wp-admin\/admin-ajax.php?action=GalleryBox&amp;current_view=0&amp;gallery_id=1&amp;tag=0&amp;theme_id=1&amp;shortcode_id=4&amp;sort_by=order&amp;order_by=asc&amp;current_url=%2Findex.php%3Frest_route%3D%252Fwp%252Fv2%252Fpages%252F20\"         id=\"bwg_thumbnails_0\"         class=\"bwg-container-0 bwg-thumbnails bwg-standard-thumbnails bwg-container bwg-border-box\">            <div class=\"bwg-item\">        <a class=\"bwg-a  bwg_lightbox\"  data-image-id=\"5\" href=\"https:\/\/ktp-morgenroth.de\/wp-content\/uploads\/photo-gallery\/k-IMG-20231210-WA0000.jpg?bwg=1702213861\" data-elementor-open-lightbox=\"no\">                <div class=\"bwg-item0 \">          <div class=\"bwg-item1 bwg-zoom-effect\">            <div class=\"bwg-item2\">              <img decoding=\"async\" class=\"skip-lazy bwg_standart_thumb_img_0 \"                   data-id=\"5\"                   data-width=\"500.00\"                   data-height=\"375.00\"                   data-src=\"https:\/\/ktp-morgenroth.de\/wp-content\/uploads\/photo-gallery\/thumb\/k-IMG-20231210-WA0000.jpg?bwg=1702213861\"                   src=\"https:\/\/ktp-morgenroth.de\/wp-content\/uploads\/photo-gallery\/thumb\/k-IMG-20231210-WA0000.jpg?bwg=1702213861\"                   alt=\"\"                   title=\"\" \/>            <\/div>            <div class=\"bwg-zoom-effect-overlay\">              <div class=\"bwg-title1\"><div class=\"bwg-title2\">&nbsp;<\/div><\/div>                                        <\/div>          <\/div>        <\/div>                        <\/a>              <\/div>            <div class=\"bwg-item\">        <a class=\"bwg-a  bwg_lightbox\"  data-image-id=\"6\" href=\"https:\/\/ktp-morgenroth.de\/wp-content\/uploads\/photo-gallery\/k-IMG-20231210-WA0013.jpg?bwg=1702213861\" data-elementor-open-lightbox=\"no\">                <div class=\"bwg-item0 \">          <div class=\"bwg-item1 bwg-zoom-effect\">            <div class=\"bwg-item2\">              <img decoding=\"async\" class=\"skip-lazy bwg_standart_thumb_img_0 \"                   data-id=\"6\"                   data-width=\"500.00\"                   data-height=\"230.00\"                   data-src=\"https:\/\/ktp-morgenroth.de\/wp-content\/uploads\/photo-gallery\/thumb\/k-IMG-20231210-WA0013.jpg?bwg=1702213861\"                   src=\"https:\/\/ktp-morgenroth.de\/wp-content\/uploads\/photo-gallery\/thumb\/k-IMG-20231210-WA0013.jpg?bwg=1702213861\"                   alt=\"\"                   title=\"\" \/>            <\/div>            <div class=\"bwg-zoom-effect-overlay\">              <div class=\"bwg-title1\"><div class=\"bwg-title2\">&nbsp;<\/div><\/div>                                        <\/div>          <\/div>        <\/div>                        <\/a>              <\/div>            <div class=\"bwg-item\">        <a class=\"bwg-a  bwg_lightbox\"  data-image-id=\"7\" href=\"https:\/\/ktp-morgenroth.de\/wp-content\/uploads\/photo-gallery\/k-IMG-20231210-WA0012.jpg?bwg=1702213861\" data-elementor-open-lightbox=\"no\">                <div class=\"bwg-item0 \">          <div class=\"bwg-item1 bwg-zoom-effect\">            <div class=\"bwg-item2\">              <img decoding=\"async\" class=\"skip-lazy bwg_standart_thumb_img_0 \"                   data-id=\"7\"                   data-width=\"230.00\"                   data-height=\"500.00\"                   data-src=\"https:\/\/ktp-morgenroth.de\/wp-content\/uploads\/photo-gallery\/thumb\/k-IMG-20231210-WA0012.jpg?bwg=1702213861\"                   src=\"https:\/\/ktp-morgenroth.de\/wp-content\/uploads\/photo-gallery\/thumb\/k-IMG-20231210-WA0012.jpg?bwg=1702213861\"                   alt=\"\"                   title=\"\" \/>            <\/div>            <div class=\"bwg-zoom-effect-overlay\">              <div class=\"bwg-title1\"><div class=\"bwg-title2\">&nbsp;<\/div><\/div>                                        <\/div>          <\/div>        <\/div>                        <\/a>              <\/div>            <div class=\"bwg-item\">        <a class=\"bwg-a  bwg_lightbox\"  data-image-id=\"8\" href=\"https:\/\/ktp-morgenroth.de\/wp-content\/uploads\/photo-gallery\/k-IMG-20231210-WA0011.jpg?bwg=1702213861\" data-elementor-open-lightbox=\"no\">                <div class=\"bwg-item0 \">          <div class=\"bwg-item1 bwg-zoom-effect\">            <div class=\"bwg-item2\">              <img decoding=\"async\" class=\"skip-lazy bwg_standart_thumb_img_0 \"                   data-id=\"8\"                   data-width=\"375.00\"                   data-height=\"500.00\"                   data-src=\"https:\/\/ktp-morgenroth.de\/wp-content\/uploads\/photo-gallery\/thumb\/k-IMG-20231210-WA0011.jpg?bwg=1702213861\"                   src=\"https:\/\/ktp-morgenroth.de\/wp-content\/uploads\/photo-gallery\/thumb\/k-IMG-20231210-WA0011.jpg?bwg=1702213861\"                   alt=\"\"                   title=\"\" \/>            <\/div>            <div class=\"bwg-zoom-effect-overlay\">              <div class=\"bwg-title1\"><div class=\"bwg-title2\">&nbsp;<\/div><\/div>                                        <\/div>          <\/div>        <\/div>                        <\/a>              <\/div>          <\/div>    <style>      \/*pagination styles*\/      #bwg_container1_0 #bwg_container2_0 .tablenav-pages_0 {\t\t\t\ttext-align: center;\t\t\t\tfont-size: 12px;\t\t\t\tfont-family: Ubuntu;\t\t\t\tfont-weight: bold;\t\t\t\tcolor: #666666;\t\t\t\tmargin: 6px 0 4px;\t\t\t\tdisplay: block;      }      @media only screen and (max-width : 320px) {      #bwg_container1_0 #bwg_container2_0 .displaying-num_0 {     \t display: none;      }      }      #bwg_container1_0 #bwg_container2_0 .displaying-num_0 {\t\t\t\tfont-size: 12px;\t\t\t\tfont-family: Ubuntu;\t\t\t\tfont-weight: bold;\t\t\t\tcolor: #666666;\t\t\t\tmargin-right: 10px;\t\t\t\tvertical-align: middle;      }      #bwg_container1_0 #bwg_container2_0 .paging-input_0 {\t\t\t\tfont-size: 12px;\t\t\t\tfont-family: Ubuntu;\t\t\t\tfont-weight: bold;\t\t\t\tcolor: #666666;\t\t\t\tvertical-align: middle;      }      #bwg_container1_0 #bwg_container2_0 .tablenav-pages_0 a.disabled,      #bwg_container1_0 #bwg_container2_0 .tablenav-pages_0 a.disabled:hover,      #bwg_container1_0 #bwg_container2_0 .tablenav-pages_0 a.disabled:focus,\t\t\t#bwg_container1_0 #bwg_container2_0 .tablenav-pages_0 input.bwg_current_page {\t\t\t\tcursor: default;\t\t\t\tcolor: rgba(102, 102, 102, 0.5);      }      #bwg_container1_0 #bwg_container2_0 .tablenav-pages_0 a,      #bwg_container1_0 #bwg_container2_0 .tablenav-pages_0 input.bwg_current_page {\t\t\t\tcursor: pointer;\t\t\t\ttext-align: center;\t\t\t\tfont-size: 12px;\t\t\t\tfont-family: Ubuntu;\t\t\t\tfont-weight: bold;\t\t\t\tcolor: #666666;\t\t\t\ttext-decoration: none;\t\t\t\tpadding: 3px 6px;\t\t\t\tmargin: 0;\t\t\t\tborder-radius: 0;\t\t\t\tborder-style: solid;\t\t\t\tborder-width: 1px;\t\t\t\tborder-color: #E3E3E3;\t\t\t\t\t\t\t\tbackground-color: rgba(255, 255, 255, 1.00);\t\t\t\tbox-shadow: 0;\t\t\t\ttransition: all 0.3s ease 0s;-webkit-transition: all 0.3s ease 0s;      }      <\/style>      <span class=\"bwg_nav_cont_0\">              <div class=\"tablenav-pages_0\">                  <\/div>                <input type=\"hidden\" id=\"page_number_0\" name=\"page_number_0\" value=\"1\" \/>      <script type=\"text\/javascript\">        if( jQuery('.bwg_nav_cont_0').length > 1 ) {          jQuery('.bwg_nav_cont_0').first().remove()        }        function spider_page_0(cur, x, y, load_more) {          if (typeof load_more == \"undefined\") {            var load_more = false;          }          if (jQuery(cur).hasClass('disabled')) {            return false;          }          var items_county_0 = 1;          switch (y) {            case 1:              if (x >= items_county_0) {                document.getElementById('page_number_0').value = items_county_0;              }              else {                document.getElementById('page_number_0').value = x + 1;              }              break;            case 2:              document.getElementById('page_number_0').value = items_county_0;              break;            case -1:              if (x == 1) {                document.getElementById('page_number_0').value = 1;              }              else {                document.getElementById('page_number_0').value = x - 1;              }              break;            case -2:              document.getElementById('page_number_0').value = 1;              break;\t\t\t\t\t\tcase 0:              document.getElementById('page_number_0').value = x;              break;            default:              document.getElementById('page_number_0').value = 1;          }          bwg_ajax('gal_front_form_0', '0', 'bwg_thumbnails_0', '0', '', 'gallery', 0, '', '', load_more, '', 1);        }                    jQuery('.first-page-0').on('click', function () {              spider_page_0(this, 1, -2, 'numeric');              return false;            });            jQuery('.prev-page-0').on('click', function () {              spider_page_0(this, 1, -1, 'numeric');              return false;            });            jQuery('.next-page-0').on('click', function () {              spider_page_0(this, 1, 1, 'numeric');              return false;            });            jQuery('.last-page-0').on('click', function () {              spider_page_0(this, 1, 2, 'numeric');              return false;            });        \t\t\t\t\/* Change page on input enter. *\/        function bwg_change_page_0( e, that ) {          if (  e.key == 'Enter' ) {            var to_page = parseInt(jQuery(that).val());            var pages_count = jQuery(that).parents(\".pagination-links\").data(\"pages-count\");            var current_url_param = jQuery(that).attr('data-url-info');            if (to_page > pages_count) {              to_page = 1;            }\t \t\t\t\t\t\t\t\t\t\t\t\tspider_page_0(this, to_page, 0, 'numeric');\t\t\t\t\t\t\treturn false;\t\t\t\t\t\t          }          return true;        }        jQuery('.bwg_load_btn_0').on('click', function () {            spider_page_0(this, 1, 1, true);            return false;        });      <\/script>      <\/span>                <\/div>        <\/form>        <style>          #bwg_container1_0 #bwg_container2_0 #spider_popup_overlay_0 {          background-color: #EEEEEE;          opacity: 0.60;          }          <\/style>        <div id=\"bwg_spider_popup_loading_0\" class=\"bwg_spider_popup_loading\"><\/div>        <div id=\"spider_popup_overlay_0\" class=\"spider_popup_overlay\" onclick=\"spider_destroypopup(1000)\"><\/div>        <input type=\"hidden\" id=\"bwg_random_seed_0\" value=\"1644434331\">                <\/div>    <\/div>    <script>      if (document.readyState === 'complete') {        if( typeof bwg_main_ready == 'function' ) {          if ( jQuery(\"#bwg_container1_0\").height() ) {            bwg_main_ready(jQuery(\"#bwg_container1_0\"));          }        }      } else {        document.addEventListener('DOMContentLoaded', function() {          if( typeof bwg_main_ready == 'function' ) {            if ( jQuery(\"#bwg_container1_0\").height() ) {             bwg_main_ready(jQuery(\"#bwg_container1_0\"));            }          }        });      }    <\/script>    \n\n\n\n<p>Der Au\u00dfenbereich teilt sich in 3 Abschnitte:<\/p>\n\n\n\n<ul>\n<li>Einen kleineren abgez\u00e4unten Spielbereich, mit Sandkasten, Rutsche, Matschtisch und weiteren Spielm\u00f6glichkeiten.<\/li>\n\n\n\n<li>Einen gro\u00dfen Garten- und Spielbereich, Schaukeltieren, Nestschaukel, Spielfahrzeugen und vielem mehr.<\/li>\n\n\n\n<li>Einen Gem\u00fcse- und Obstgarten, mit Hochbeeten, Obstb\u00e4umen, Gem\u00fcse- und Beerenbeeten, in dem die Kinder unter Aufsicht, ihr Gem\u00fcse selbst anbauen und ernten k\u00f6nnen.<\/li>\n<\/ul>\n\n\n\n<p><\/p>\n","protected":false},"excerpt":{"rendered":"<p>Die Kindertagespflege befindet sich in einem ausgebauten Nebengelass auf dem Grundst\u00fcck der Tagesmutter. Sie ist ca. 130 qm gro\u00df und verl\u00e4uft \u00fcber 2 Etagen. Au\u00dferdem verf\u00fcgt sie \u00fcber einen gro\u00dfen Au\u00dfenspielbereich \/ Garten. Die R\u00e4ume sind wie folgt aufgeteilt: Eingangsbereich Im Eingangsbereich hat jedes Kind eine eigene Garderobe mit Sitzm\u00f6glichkeit und Haken f\u00fcr Kleidung sowie [&hellip;]<\/p>\n","protected":false},"author":1,"featured_media":0,"parent":0,"menu_order":0,"comment_status":"closed","ping_status":"closed","template":"","meta":{"footnotes":""},"_links":{"self":[{"href":"https:\/\/ktp-morgenroth.de\/index.php?rest_route=\/wp\/v2\/pages\/20"}],"collection":[{"href":"https:\/\/ktp-morgenroth.de\/index.php?rest_route=\/wp\/v2\/pages"}],"about":[{"href":"https:\/\/ktp-morgenroth.de\/index.php?rest_route=\/wp\/v2\/types\/page"}],"author":[{"embeddable":true,"href":"https:\/\/ktp-morgenroth.de\/index.php?rest_route=\/wp\/v2\/users\/1"}],"replies":[{"embeddable":true,"href":"https:\/\/ktp-morgenroth.de\/index.php?rest_route=%2Fwp%2Fv2%2Fcomments&post=20"}],"version-history":[{"count":10,"href":"https:\/\/ktp-morgenroth.de\/index.php?rest_route=\/wp\/v2\/pages\/20\/revisions"}],"predecessor-version":[{"id":116,"href":"https:\/\/ktp-morgenroth.de\/index.php?rest_route=\/wp\/v2\/pages\/20\/revisions\/116"}],"wp:attachment":[{"href":"https:\/\/ktp-morgenroth.de\/index.php?rest_route=%2Fwp%2Fv2%2Fmedia&parent=20"}],"curies":[{"name":"wp","href":"https:\/\/api.w.org\/{rel}","templated":true}]}}