{"id":9,"date":"2023-11-15T13:21:34","date_gmt":"2023-11-15T13:21:34","guid":{"rendered":"https:\/\/ktp-morgenroth.de\/?page_id=9"},"modified":"2023-12-10T12:54:31","modified_gmt":"2023-12-10T12:54:31","slug":"ueber-mich","status":"publish","type":"page","link":"https:\/\/ktp-morgenroth.de\/","title":{"rendered":"Willkommen"},"content":{"rendered":"\n<p>&#8222;Und am Ende des Tages sollen deine F\u00fc\u00dfe dreckig, deine Haare zerzaust und deine Augen leuchtend sein.\u201c<\/p>\n\n\n\n<figure class=\"wp-block-image size-full\"><img loading=\"lazy\" decoding=\"async\" width=\"706\" height=\"222\" src=\"https:\/\/ktp-morgenroth.de\/wp-content\/uploads\/2023\/11\/Bild1.jpg\" alt=\"\" class=\"wp-image-70\" srcset=\"https:\/\/ktp-morgenroth.de\/wp-content\/uploads\/2023\/11\/Bild1.jpg 706w, https:\/\/ktp-morgenroth.de\/wp-content\/uploads\/2023\/11\/Bild1-300x94.jpg 300w\" sizes=\"(max-width: 706px) 100vw, 706px\" \/><\/figure>\n\n\n\n<p>Willkommen bei der Kindertagespflegestelle &#8222;Morgenroth&#8220; in Wolsier im Havelland.<\/p>\n\n\n\n<p>Ich biete den Kindern eine famili\u00e4re und bed\u00fcrfnisorientierte Betreuung, Versorgung, Bildung und Erziehung.<\/p>\n\n\n\n<p>An erster Stelle stehen f\u00fcr mich dabei die Schaffung einer sicheren, vertrauensvollen und geborgenen Atmosph\u00e4re und Bindung, die Erziehung zu einer selbstst\u00e4ndigen, selbstbewussten Pers\u00f6nlichkeit und die individuelle F\u00f6rderung der F\u00e4higkeiten der Kinder.<\/p>\n\n\n\n<figure class=\"wp-block-image size-full\"><img loading=\"lazy\" decoding=\"async\" width=\"640\" height=\"480\" src=\"https:\/\/ktp-morgenroth.de\/wp-content\/uploads\/2023\/12\/k-IMG-20231210-WA0003.jpg\" alt=\"\" class=\"wp-image-89\" srcset=\"https:\/\/ktp-morgenroth.de\/wp-content\/uploads\/2023\/12\/k-IMG-20231210-WA0003.jpg 640w, https:\/\/ktp-morgenroth.de\/wp-content\/uploads\/2023\/12\/k-IMG-20231210-WA0003-300x225.jpg 300w\" sizes=\"(max-width: 640px) 100vw, 640px\" \/><\/figure>\n","protected":false},"excerpt":{"rendered":"<p>&#8222;Und am Ende des Tages sollen deine F\u00fc\u00dfe dreckig, deine Haare zerzaust und deine Augen leuchtend sein.\u201c Willkommen bei der Kindertagespflegestelle &#8222;Morgenroth&#8220; in Wolsier im Havelland. Ich biete den Kindern eine famili\u00e4re und bed\u00fcrfnisorientierte Betreuung, Versorgung, Bildung und Erziehung. An erster Stelle stehen f\u00fcr mich dabei die Schaffung einer sicheren, vertrauensvollen und geborgenen Atmosph\u00e4re und [&hellip;]<\/p>\n","protected":false},"author":1,"featured_media":0,"parent":0,"menu_order":0,"comment_status":"closed","ping_status":"closed","template":"","meta":{"footnotes":""},"_links":{"self":[{"href":"https:\/\/ktp-morgenroth.de\/index.php?rest_route=\/wp\/v2\/pages\/9"}],"collection":[{"href":"https:\/\/ktp-morgenroth.de\/index.php?rest_route=\/wp\/v2\/pages"}],"about":[{"href":"https:\/\/ktp-morgenroth.de\/index.php?rest_route=\/wp\/v2\/types\/page"}],"author":[{"embeddable":true,"href":"https:\/\/ktp-morgenroth.de\/index.php?rest_route=\/wp\/v2\/users\/1"}],"replies":[{"embeddable":true,"href":"https:\/\/ktp-morgenroth.de\/index.php?rest_route=%2Fwp%2Fv2%2Fcomments&post=9"}],"version-history":[{"count":5,"href":"https:\/\/ktp-morgenroth.de\/index.php?rest_route=\/wp\/v2\/pages\/9\/revisions"}],"predecessor-version":[{"id":90,"href":"https:\/\/ktp-morgenroth.de\/index.php?rest_route=\/wp\/v2\/pages\/9\/revisions\/90"}],"wp:attachment":[{"href":"https:\/\/ktp-morgenroth.de\/index.php?rest_route=%2Fwp%2Fv2%2Fmedia&parent=9"}],"curies":[{"name":"wp","href":"https:\/\/api.w.org\/{rel}","templated":true}]}}